{"id":7568,"date":"2024-04-11T09:18:35","date_gmt":"2024-04-11T08:18:35","guid":{"rendered":"https:\/\/tapalma.com\/club-tapalma\/"},"modified":"2025-09-10T12:51:32","modified_gmt":"2025-09-10T11:51:32","slug":"club-tapalma","status":"publish","type":"page","link":"https:\/\/tapalma.com\/ca\/club-tapalma\/","title":{"rendered":"Club TaPalma"},"content":{"rendered":"\t\t<div data-elementor-type=\"wp-page\" data-elementor-id=\"7568\" class=\"elementor elementor-7568 elementor-5137\" data-elementor-post-type=\"page\">\n\t\t\t\t<div class=\"elementor-element elementor-element-db719bc e-flex e-con-boxed e-con e-parent\" data-id=\"db719bc\" data-element_type=\"container\" data-settings=\"{&quot;background_background&quot;:&quot;classic&quot;}\">\n\t\t\t\t\t<div class=\"e-con-inner\">\n\t\t\t\t<div class=\"elementor-element elementor-element-6325aaf elementor-widget elementor-widget-image\" data-id=\"6325aaf\" data-element_type=\"widget\" data-widget_type=\"image.default\">\n\t\t\t\t<div class=\"elementor-widget-container\">\n\t\t\t\t\t\t\t\t\t\t\t\t\t\t\t<img decoding=\"async\" width=\"300\" height=\"139\" src=\"https:\/\/tapalma.com\/wp-content\/uploads\/2025\/09\/club-tapalma-300x139.png\" class=\"attachment-medium size-medium wp-image-7510\" alt=\"\" srcset=\"https:\/\/tapalma.com\/wp-content\/uploads\/2025\/09\/club-tapalma-300x139.png 300w, https:\/\/tapalma.com\/wp-content\/uploads\/2025\/09\/club-tapalma.png 496w\" sizes=\"(max-width: 300px) 100vw, 300px\" \/>\t\t\t\t\t\t\t\t\t\t\t\t\t\t\t<\/div>\n\t\t\t\t<\/div>\n\t\t\t\t\t<\/div>\n\t\t\t\t<\/div>\n\t\t<div class=\"elementor-element elementor-element-92fc277 e-flex e-con-boxed e-con e-parent\" data-id=\"92fc277\" data-element_type=\"container\" data-settings=\"{&quot;background_background&quot;:&quot;classic&quot;}\">\n\t\t\t\t\t<div class=\"e-con-inner\">\n\t\t<div class=\"elementor-element elementor-element-a7ac682 e-con-full e-flex e-con e-child\" data-id=\"a7ac682\" data-element_type=\"container\">\n\t\t\t\t<\/div>\n\t\t<div class=\"elementor-element elementor-element-af5d333 e-con-full e-flex e-con e-child\" data-id=\"af5d333\" data-element_type=\"container\">\n\t\t\t\t<div class=\"elementor-element elementor-element-c780245 elementor-widget__width-inherit elementor-widget-tablet__width-initial elementor-widget elementor-widget-text-editor\" data-id=\"c780245\" data-element_type=\"widget\" data-widget_type=\"text-editor.default\">\n\t\t\t\t<div class=\"elementor-widget-container\">\n\t\t\t\t\t\t\t\t\t<span style=\"color: #f1db8c;\">Vinculi la seva empresa<\/span> a l&#8217;esdeveniment gastron\u00f2mic m\u00e9s prestigi\u00f3s de Palma.\n\nEl convidem a formar part del Club TaPalma, una iniciativa creada en el marc del 20 aniversari del certamen gastron\u00f2mic m\u00e9s important i consolidat de la ciutat de Palma.\n\nUnint-se al Club TaPalma, la seva empresa es vincular\u00e0 directament a una marca l\u00edder, reconeguda i de prestigi, amb una s\u00f2lida traject\u00f2ria de dues d\u00e8cades impulsant el sector de la restauraci\u00f3, el turisme i la cultura gastron\u00f2mica de Palma.\t\t\t\t\t\t\t\t<\/div>\n\t\t\t\t<\/div>\n\t\t\t\t<div class=\"elementor-element elementor-element-507b2fb elementor-widget__width-inherit elementor-widget-tablet__width-initial elementor-widget elementor-widget-text-editor\" data-id=\"507b2fb\" data-element_type=\"widget\" data-widget_type=\"text-editor.default\">\n\t\t\t\t<div class=\"elementor-widget-container\">\n\t\t\t\t\t\t\t\t\t<p><span style=\"color: #f1db8c;\">Avantatges exclusius per a empreses membre:<\/span><\/p><ul><li><span style=\"color: #f1db8c;\">50 tiquets per a degustar tapes<\/span> en establiments participants, perfectes per a accions comercials o esdeveniments corporatius<\/li><li><span style=\"color: #f1db8c;\">2 invitacions exclusives a la Premier<\/span>, esdeveniment especial posterior al concurs on es degustaran les tapes guanyadores abans de l&#8217;inici de les rutes oficials<\/li><li><span style=\"color: #f1db8c;\">Publicaci\u00f3 promocional<\/span> dedicada en les xarxes socials oficials de TaPalma, destacant la seva condici\u00f3 d&#8217;empresa col\u00b7laboradora<\/li><li><span style=\"color: #f1db8c;\">Pres\u00e8ncia destacada en web i app oficial<\/span> de TaPalma, en una secci\u00f3 espec\u00edfica per a empreses col\u00b7laboradores membres del club, amb logotip, descripci\u00f3 corporativa i dades de contacte<\/li><li><span style=\"color: #f1db8c;\">Autoritzaci\u00f3 per a utilitzar la marca TaPalma<\/span>, identificant-se oficialment com a \u00abEmpresa col\u00b7laboradora\u00bb<\/li><li><span style=\"color: #f1db8c;\">2 entrades VIP<\/span> per a assistir com a convidat especial al concurs gastron\u00f2mic TaPalma 2025<\/li><\/ul>\t\t\t\t\t\t\t\t<\/div>\n\t\t\t\t<\/div>\n\t\t\t\t<\/div>\n\t\t<div class=\"elementor-element elementor-element-0af6920 e-con-full e-flex e-con e-child\" data-id=\"0af6920\" data-element_type=\"container\">\n\t\t\t\t<\/div>\n\t\t\t\t\t<\/div>\n\t\t\t\t<\/div>\n\t\t<div class=\"elementor-element elementor-element-1e27d6c e-flex e-con-boxed e-con e-parent\" data-id=\"1e27d6c\" data-element_type=\"container\" data-settings=\"{&quot;background_background&quot;:&quot;classic&quot;}\">\n\t\t\t\t\t<div class=\"e-con-inner\">\n\t\t<div class=\"elementor-element elementor-element-fe25156 e-con-full e-flex e-con e-child\" data-id=\"fe25156\" data-element_type=\"container\">\n\t\t\t\t<\/div>\n\t\t<div class=\"elementor-element elementor-element-d8b25c7 e-con-full e-flex e-con e-child\" data-id=\"d8b25c7\" data-element_type=\"container\">\n\t\t\t\t<div class=\"elementor-element elementor-element-533a0bb elementor-widget elementor-widget-heading\" data-id=\"533a0bb\" data-element_type=\"widget\" data-widget_type=\"heading.default\">\n\t\t\t\t<div class=\"elementor-widget-container\">\n\t\t\t\t\t<h2 class=\"elementor-heading-title elementor-size-default\">300\u20ac<\/h2>\t\t\t\t<\/div>\n\t\t\t\t<\/div>\n\t\t\t\t<div class=\"elementor-element elementor-element-88c5c95 elementor-widget__width-inherit elementor-widget-tablet__width-initial elementor-widget elementor-widget-text-editor\" data-id=\"88c5c95\" data-element_type=\"widget\" data-widget_type=\"text-editor.default\">\n\t\t\t\t<div class=\"elementor-widget-container\">\n\t\t\t\t\t\t\t\t\t<p>(cuota \u00fanica anual)<\/p>\t\t\t\t\t\t\t\t<\/div>\n\t\t\t\t<\/div>\n\t\t\t\t<\/div>\n\t\t<div class=\"elementor-element elementor-element-429316b e-con-full e-flex e-con e-child\" data-id=\"429316b\" data-element_type=\"container\">\n\t\t\t\t<\/div>\n\t\t\t\t\t<\/div>\n\t\t\t\t<\/div>\n\t\t\t\t<\/div>\n\t\t","protected":false},"excerpt":{"rendered":"<p>Vinculi la seva empresa a l&#8217;esdeveniment gastron\u00f2mic m\u00e9s prestigi\u00f3s de Palma. El convidem a formar part del Club TaPalma, una [&hellip;]<\/p>\n","protected":false},"author":1,"featured_media":0,"parent":0,"menu_order":0,"comment_status":"closed","ping_status":"closed","template":"","meta":{"_acf_changed":false,"_monsterinsights_skip_tracking":false,"_monsterinsights_sitenote_active":false,"_monsterinsights_sitenote_note":"","_monsterinsights_sitenote_category":0,"site-sidebar-layout":"no-sidebar","site-content-layout":"","ast-site-content-layout":"full-width-container","site-content-style":"default","site-sidebar-style":"default","ast-global-header-display":"","ast-banner-title-visibility":"","ast-main-header-display":"","ast-hfb-above-header-display":"","ast-hfb-below-header-display":"","ast-hfb-mobile-header-display":"","site-post-title":"disabled","ast-breadcrumbs-content":"","ast-featured-img":"disabled","footer-sml-layout":"","theme-transparent-header-meta":"","adv-header-id-meta":"","stick-header-meta":"","header-above-stick-meta":"","header-main-stick-meta":"","header-below-stick-meta":"","astra-migrate-meta-layouts":"default","ast-page-background-enabled":"default","ast-page-background-meta":{"desktop":{"background-color":"var(--ast-global-color-4)","background-image":"","background-repeat":"repeat","background-position":"center center","background-size":"auto","background-attachment":"scroll","background-type":"","background-media":"","overlay-type":"","overlay-color":"","overlay-opacity":"","overlay-gradient":""},"tablet":{"background-color":"","background-image":"","background-repeat":"repeat","background-position":"center center","background-size":"auto","background-attachment":"scroll","background-type":"","background-media":"","overlay-type":"","overlay-color":"","overlay-opacity":"","overlay-gradient":""},"mobile":{"background-color":"","background-image":"","background-repeat":"repeat","background-position":"center center","background-size":"auto","background-attachment":"scroll","background-type":"","background-media":"","overlay-type":"","overlay-color":"","overlay-opacity":"","overlay-gradient":""}},"ast-content-background-meta":{"desktop":{"background-color":"var(--ast-global-color-5)","background-image":"","background-repeat":"repeat","background-position":"center center","background-size":"auto","background-attachment":"scroll","background-type":"","background-media":"","overlay-type":"","overlay-color":"","overlay-opacity":"","overlay-gradient":""},"tablet":{"background-color":"var(--ast-global-color-5)","background-image":"","background-repeat":"repeat","background-position":"center center","background-size":"auto","background-attachment":"scroll","background-type":"","background-media":"","overlay-type":"","overlay-color":"","overlay-opacity":"","overlay-gradient":""},"mobile":{"background-color":"var(--ast-global-color-5)","background-image":"","background-repeat":"repeat","background-position":"center center","background-size":"auto","background-attachment":"scroll","background-type":"","background-media":"","overlay-type":"","overlay-color":"","overlay-opacity":"","overlay-gradient":""}},"footnotes":""},"class_list":["post-7568","page","type-page","status-publish","hentry"],"acf":[],"aioseo_notices":[],"_links":{"self":[{"href":"https:\/\/tapalma.com\/ca\/wp-json\/wp\/v2\/pages\/7568","targetHints":{"allow":["GET"]}}],"collection":[{"href":"https:\/\/tapalma.com\/ca\/wp-json\/wp\/v2\/pages"}],"about":[{"href":"https:\/\/tapalma.com\/ca\/wp-json\/wp\/v2\/types\/page"}],"author":[{"embeddable":true,"href":"https:\/\/tapalma.com\/ca\/wp-json\/wp\/v2\/users\/1"}],"replies":[{"embeddable":true,"href":"https:\/\/tapalma.com\/ca\/wp-json\/wp\/v2\/comments?post=7568"}],"version-history":[{"count":7,"href":"https:\/\/tapalma.com\/ca\/wp-json\/wp\/v2\/pages\/7568\/revisions"}],"predecessor-version":[{"id":7578,"href":"https:\/\/tapalma.com\/ca\/wp-json\/wp\/v2\/pages\/7568\/revisions\/7578"}],"wp:attachment":[{"href":"https:\/\/tapalma.com\/ca\/wp-json\/wp\/v2\/media?parent=7568"}],"curies":[{"name":"wp","href":"https:\/\/api.w.org\/{rel}","templated":true}]}}