{"id":7569,"date":"2024-04-11T09:18:35","date_gmt":"2024-04-11T08:18:35","guid":{"rendered":"https:\/\/tapalma.com\/club-tapalma\/"},"modified":"2025-11-05T10:40:08","modified_gmt":"2025-11-05T09:40:08","slug":"club-tapalma","status":"publish","type":"page","link":"https:\/\/tapalma.com\/en\/club-tapalma\/","title":{"rendered":"Club TaPalma"},"content":{"rendered":"\t\t<div data-elementor-type=\"wp-page\" data-elementor-id=\"7569\" class=\"elementor elementor-7569 elementor-5137\" data-elementor-post-type=\"page\">\n\t\t\t\t<div class=\"elementor-element elementor-element-db719bc e-flex e-con-boxed e-con e-parent\" data-id=\"db719bc\" data-element_type=\"container\" data-settings=\"{&quot;background_background&quot;:&quot;classic&quot;}\">\n\t\t\t\t\t<div class=\"e-con-inner\">\n\t\t\t\t<div class=\"elementor-element elementor-element-6325aaf elementor-widget elementor-widget-image\" data-id=\"6325aaf\" data-element_type=\"widget\" data-widget_type=\"image.default\">\n\t\t\t\t<div class=\"elementor-widget-container\">\n\t\t\t\t\t\t\t\t\t\t\t\t\t\t\t<img decoding=\"async\" width=\"300\" height=\"139\" src=\"https:\/\/tapalma.com\/wp-content\/uploads\/2025\/09\/club-tapalma-300x139.png\" class=\"attachment-medium size-medium wp-image-7511\" alt=\"\" srcset=\"https:\/\/tapalma.com\/wp-content\/uploads\/2025\/09\/club-tapalma-300x139.png 300w, https:\/\/tapalma.com\/wp-content\/uploads\/2025\/09\/club-tapalma.png 496w\" sizes=\"(max-width: 300px) 100vw, 300px\" \/>\t\t\t\t\t\t\t\t\t\t\t\t\t\t\t<\/div>\n\t\t\t\t<\/div>\n\t\t\t\t\t<\/div>\n\t\t\t\t<\/div>\n\t\t<div class=\"elementor-element elementor-element-92fc277 e-flex e-con-boxed e-con e-parent\" data-id=\"92fc277\" data-element_type=\"container\" data-settings=\"{&quot;background_background&quot;:&quot;classic&quot;}\">\n\t\t\t\t\t<div class=\"e-con-inner\">\n\t\t<div class=\"elementor-element elementor-element-a7ac682 e-con-full e-flex e-con e-child\" data-id=\"a7ac682\" data-element_type=\"container\">\n\t\t\t\t<\/div>\n\t\t<div class=\"elementor-element elementor-element-af5d333 e-con-full e-flex e-con e-child\" data-id=\"af5d333\" data-element_type=\"container\">\n\t\t\t\t<div class=\"elementor-element elementor-element-c780245 elementor-widget__width-inherit elementor-widget-tablet__width-initial elementor-widget elementor-widget-text-editor\" data-id=\"c780245\" data-element_type=\"widget\" data-widget_type=\"text-editor.default\">\n\t\t\t\t<div class=\"elementor-widget-container\">\n\t\t\t\t\t\t\t\t\t<p><span style=\"color: #f1db8c;\">Vincule su empresa<\/span> al evento gastron\u00f3mico m\u00e1s prestigioso de Palma.<\/p><p>Le invitamos a formar parte del Club TaPalma, una iniciativa creada en el marco del <span style=\"color: #f1db8c;\">20 aniversario<\/span> del certamen gastron\u00f3mico m\u00e1s importante y consolidado de la ciudad de Palma.<\/p><p>Uni\u00e9ndose al Club TaPalma, su empresa se vincular\u00e1 directamente a una marca l\u00edder, reconocida y de prestigio, con una s\u00f3lida trayectoria de dos d\u00e9cadas impulsando el sector de la <span style=\"color: #f1db8c;\">restauraci\u00f3n, el turismo y la cultura gastron\u00f3mica de Palma.<\/span><\/p>\t\t\t\t\t\t\t\t<\/div>\n\t\t\t\t<\/div>\n\t\t\t\t<div class=\"elementor-element elementor-element-507b2fb elementor-widget__width-inherit elementor-widget-tablet__width-initial elementor-widget elementor-widget-text-editor\" data-id=\"507b2fb\" data-element_type=\"widget\" data-widget_type=\"text-editor.default\">\n\t\t\t\t<div class=\"elementor-widget-container\">\n\t\t\t\t\t\t\t\t\t<p><span style=\"color: #f1db8c;\">Ventajas exclusivas para empresas miembro:<\/span><\/p><ul><li><span style=\"color: #f1db8c;\">50 tickets para degustar tapas<\/span> en establecimientos participantes, perfectos para acciones comerciales o eventos corporativos<br \/><br \/><\/li><li><span style=\"color: #f1db8c;\">2 invitaciones exclusivas a la Premiere<\/span>, evento especial posterior al concurso donde se degustar\u00e1n las tapas ganadoras antes del inicio de las rutas oficiales<br \/><br \/><\/li><li><span style=\"color: #f1db8c;\">Publicaci\u00f3n promocional dedicada<\/span> en las redes sociales oficiales de TaPalma, destacando su condici\u00f3n de empresa colaboradora<br \/><br \/><\/li><li><span style=\"color: #f1db8c;\">Presencia destacada en web y app oficial de TaPalma<\/span>, en una secci\u00f3n espec\u00edfica para empresas colaboradoras miembros del club, con logotipo, descripci\u00f3n corporativa y datos de contacto<br \/><br \/><\/li><li><span style=\"color: #f1db8c;\">Autorizaci\u00f3n para utilizar la marca TaPalma<\/span>, identific\u00e1ndose oficialmente como \u00abEmpresa colaboradora\u00bb<br \/><br \/><\/li><li><span style=\"color: #f1db8c;\">2 entradas VIP<\/span> para asistir como invitado especial al concurso gastron\u00f3mico TaPalma 2025<\/li><\/ul>\t\t\t\t\t\t\t\t<\/div>\n\t\t\t\t<\/div>\n\t\t\t\t<\/div>\n\t\t<div class=\"elementor-element elementor-element-0af6920 e-con-full e-flex e-con e-child\" data-id=\"0af6920\" data-element_type=\"container\">\n\t\t\t\t<\/div>\n\t\t\t\t\t<\/div>\n\t\t\t\t<\/div>\n\t\t<div class=\"elementor-element elementor-element-1e27d6c e-flex e-con-boxed e-con e-parent\" data-id=\"1e27d6c\" data-element_type=\"container\" data-settings=\"{&quot;background_background&quot;:&quot;classic&quot;}\">\n\t\t\t\t\t<div class=\"e-con-inner\">\n\t\t<div class=\"elementor-element elementor-element-fe25156 e-con-full e-flex e-con e-child\" data-id=\"fe25156\" data-element_type=\"container\">\n\t\t\t\t<\/div>\n\t\t<div class=\"elementor-element elementor-element-d8b25c7 e-con-full e-flex e-con e-child\" data-id=\"d8b25c7\" data-element_type=\"container\">\n\t\t\t\t<div class=\"elementor-element elementor-element-533a0bb elementor-widget elementor-widget-heading\" data-id=\"533a0bb\" data-element_type=\"widget\" data-widget_type=\"heading.default\">\n\t\t\t\t<div class=\"elementor-widget-container\">\n\t\t\t\t\t<h2 class=\"elementor-heading-title elementor-size-default\">300\u20ac<\/h2>\t\t\t\t<\/div>\n\t\t\t\t<\/div>\n\t\t\t\t<div class=\"elementor-element elementor-element-88c5c95 elementor-widget__width-inherit elementor-widget-tablet__width-initial elementor-widget elementor-widget-text-editor\" data-id=\"88c5c95\" data-element_type=\"widget\" data-widget_type=\"text-editor.default\">\n\t\t\t\t<div class=\"elementor-widget-container\">\n\t\t\t\t\t\t\t\t\t<p>(cuota \u00fanica anual)<\/p>\t\t\t\t\t\t\t\t<\/div>\n\t\t\t\t<\/div>\n\t\t\t\t<div class=\"elementor-element elementor-element-21f9f2b elementor-align-center elementor-widget elementor-widget-button\" data-id=\"21f9f2b\" data-element_type=\"widget\" data-widget_type=\"button.default\">\n\t\t\t\t<div class=\"elementor-widget-container\">\n\t\t\t\t\t\t\t\t\t<div class=\"elementor-button-wrapper\">\n\t\t\t\t\t<a class=\"elementor-button elementor-button-link elementor-size-sm\" href=\"?add-to-cart=7664\">\n\t\t\t\t\t\t<span class=\"elementor-button-content-wrapper\">\n\t\t\t\t\t\t<span class=\"elementor-button-icon\">\n\t\t\t\t<svg aria-hidden=\"true\" class=\"e-font-icon-svg e-fas-pager\" viewBox=\"0 0 512 512\" xmlns=\"http:\/\/www.w3.org\/2000\/svg\"><path d=\"M448 64H64a64 64 0 0 0-64 64v256a64 64 0 0 0 64 64h384a64 64 0 0 0 64-64V128a64 64 0 0 0-64-64zM160 368H80a16 16 0 0 1-16-16v-16a16 16 0 0 1 16-16h80zm128-16a16 16 0 0 1-16 16h-80v-48h80a16 16 0 0 1 16 16zm160-128a32 32 0 0 1-32 32H96a32 32 0 0 1-32-32v-64a32 32 0 0 1 32-32h320a32 32 0 0 1 32 32z\"><\/path><\/svg>\t\t\t<\/span>\n\t\t\t\t\t\t\t\t\t<span class=\"elementor-button-text\">\u00daNETE AL CLUB<\/span>\n\t\t\t\t\t<\/span>\n\t\t\t\t\t<\/a>\n\t\t\t\t<\/div>\n\t\t\t\t\t\t\t\t<\/div>\n\t\t\t\t<\/div>\n\t\t\t\t<\/div>\n\t\t<div class=\"elementor-element elementor-element-429316b e-con-full e-flex e-con e-child\" data-id=\"429316b\" data-element_type=\"container\">\n\t\t\t\t<\/div>\n\t\t\t\t\t<\/div>\n\t\t\t\t<\/div>\n\t\t<div class=\"elementor-element elementor-element-9ba7323 e-flex e-con-boxed e-con e-parent\" data-id=\"9ba7323\" data-element_type=\"container\" data-settings=\"{&quot;background_background&quot;:&quot;classic&quot;}\">\n\t\t\t\t\t<div class=\"e-con-inner\">\n\t\t<div class=\"elementor-element elementor-element-47c4716 e-con-full e-flex e-con e-child\" data-id=\"47c4716\" data-element_type=\"container\" data-settings=\"{&quot;background_background&quot;:&quot;classic&quot;}\">\n\t\t\t\t<div class=\"elementor-element elementor-element-dbc31fc elementor-widget elementor-widget-image\" data-id=\"dbc31fc\" data-element_type=\"widget\" data-widget_type=\"image.default\">\n\t\t\t\t<div class=\"elementor-widget-container\">\n\t\t\t\t\t\t\t\t\t\t\t\t\t\t\t<img fetchpriority=\"high\" decoding=\"async\" width=\"300\" height=\"300\" src=\"https:\/\/tapalma.com\/wp-content\/uploads\/2025\/11\/ECOMON-300x300.jpg\" class=\"attachment-medium size-medium wp-image-8336\" alt=\"\" srcset=\"https:\/\/tapalma.com\/wp-content\/uploads\/2025\/11\/ECOMON-300x300.jpg 300w, https:\/\/tapalma.com\/wp-content\/uploads\/2025\/11\/ECOMON-1024x1024.jpg 1024w, https:\/\/tapalma.com\/wp-content\/uploads\/2025\/11\/ECOMON-150x150.jpg 150w, https:\/\/tapalma.com\/wp-content\/uploads\/2025\/11\/ECOMON-768x768.jpg 768w, https:\/\/tapalma.com\/wp-content\/uploads\/2025\/11\/ECOMON-600x600.jpg 600w, https:\/\/tapalma.com\/wp-content\/uploads\/2025\/11\/ECOMON-100x100.jpg 100w, https:\/\/tapalma.com\/wp-content\/uploads\/2025\/11\/ECOMON.jpg 1500w\" sizes=\"(max-width: 300px) 100vw, 300px\" \/>\t\t\t\t\t\t\t\t\t\t\t\t\t\t\t<\/div>\n\t\t\t\t<\/div>\n\t\t\t\t<\/div>\n\t\t<div class=\"elementor-element elementor-element-490a119 e-con-full e-flex e-con e-child\" data-id=\"490a119\" data-element_type=\"container\" data-settings=\"{&quot;background_background&quot;:&quot;classic&quot;}\">\n\t\t\t\t<div class=\"elementor-element elementor-element-2f4e8a7 elementor-widget elementor-widget-image\" data-id=\"2f4e8a7\" data-element_type=\"widget\" data-widget_type=\"image.default\">\n\t\t\t\t<div class=\"elementor-widget-container\">\n\t\t\t\t\t\t\t\t\t\t\t\t\t\t\t<img decoding=\"async\" width=\"300\" height=\"300\" src=\"https:\/\/tapalma.com\/wp-content\/uploads\/2025\/11\/Logo-Water-D_NEU-300x300.jpg\" class=\"attachment-medium size-medium wp-image-8333\" alt=\"\" srcset=\"https:\/\/tapalma.com\/wp-content\/uploads\/2025\/11\/Logo-Water-D_NEU-300x300.jpg 300w, https:\/\/tapalma.com\/wp-content\/uploads\/2025\/11\/Logo-Water-D_NEU-1024x1024.jpg 1024w, https:\/\/tapalma.com\/wp-content\/uploads\/2025\/11\/Logo-Water-D_NEU-150x150.jpg 150w, https:\/\/tapalma.com\/wp-content\/uploads\/2025\/11\/Logo-Water-D_NEU-768x768.jpg 768w, https:\/\/tapalma.com\/wp-content\/uploads\/2025\/11\/Logo-Water-D_NEU-1536x1536.jpg 1536w, https:\/\/tapalma.com\/wp-content\/uploads\/2025\/11\/Logo-Water-D_NEU-600x600.jpg 600w, https:\/\/tapalma.com\/wp-content\/uploads\/2025\/11\/Logo-Water-D_NEU-100x100.jpg 100w, https:\/\/tapalma.com\/wp-content\/uploads\/2025\/11\/Logo-Water-D_NEU.jpg 1772w\" sizes=\"(max-width: 300px) 100vw, 300px\" \/>\t\t\t\t\t\t\t\t\t\t\t\t\t\t\t<\/div>\n\t\t\t\t<\/div>\n\t\t\t\t<\/div>\n\t\t<div class=\"elementor-element elementor-element-d76d65e e-con-full e-flex e-con e-child\" data-id=\"d76d65e\" data-element_type=\"container\" data-settings=\"{&quot;background_background&quot;:&quot;classic&quot;}\">\n\t\t\t\t<div class=\"elementor-element elementor-element-c010097 elementor-widget elementor-widget-image\" data-id=\"c010097\" data-element_type=\"widget\" data-widget_type=\"image.default\">\n\t\t\t\t<div class=\"elementor-widget-container\">\n\t\t\t\t\t\t\t\t\t\t\t\t\t\t\t<img loading=\"lazy\" decoding=\"async\" width=\"300\" height=\"300\" src=\"https:\/\/tapalma.com\/wp-content\/uploads\/2025\/11\/LogoNixePalace-300x300.jpg\" class=\"attachment-medium size-medium wp-image-8330\" alt=\"\" srcset=\"https:\/\/tapalma.com\/wp-content\/uploads\/2025\/11\/LogoNixePalace-300x300.jpg 300w, https:\/\/tapalma.com\/wp-content\/uploads\/2025\/11\/LogoNixePalace-1024x1024.jpg 1024w, https:\/\/tapalma.com\/wp-content\/uploads\/2025\/11\/LogoNixePalace-150x150.jpg 150w, https:\/\/tapalma.com\/wp-content\/uploads\/2025\/11\/LogoNixePalace-768x768.jpg 768w, https:\/\/tapalma.com\/wp-content\/uploads\/2025\/11\/LogoNixePalace-1536x1536.jpg 1536w, https:\/\/tapalma.com\/wp-content\/uploads\/2025\/11\/LogoNixePalace-600x600.jpg 600w, https:\/\/tapalma.com\/wp-content\/uploads\/2025\/11\/LogoNixePalace-100x100.jpg 100w, https:\/\/tapalma.com\/wp-content\/uploads\/2025\/11\/LogoNixePalace.jpg 1772w\" sizes=\"(max-width: 300px) 100vw, 300px\" \/>\t\t\t\t\t\t\t\t\t\t\t\t\t\t\t<\/div>\n\t\t\t\t<\/div>\n\t\t\t\t<\/div>\n\t\t<div class=\"elementor-element elementor-element-e757d77 e-con-full e-flex e-con e-child\" data-id=\"e757d77\" data-element_type=\"container\" data-settings=\"{&quot;background_background&quot;:&quot;classic&quot;}\">\n\t\t\t\t<div class=\"elementor-element elementor-element-ebf41f2 elementor-widget elementor-widget-image\" data-id=\"ebf41f2\" data-element_type=\"widget\" data-widget_type=\"image.default\">\n\t\t\t\t<div class=\"elementor-widget-container\">\n\t\t\t\t\t\t\t\t\t\t\t\t\t\t\t<img loading=\"lazy\" decoding=\"async\" width=\"300\" height=\"300\" src=\"https:\/\/tapalma.com\/wp-content\/uploads\/2025\/11\/Merkur-Slot-Hoch-neg-Ansicht-1-300x300.jpg\" class=\"attachment-medium size-medium wp-image-8327\" alt=\"\" srcset=\"https:\/\/tapalma.com\/wp-content\/uploads\/2025\/11\/Merkur-Slot-Hoch-neg-Ansicht-1-300x300.jpg 300w, https:\/\/tapalma.com\/wp-content\/uploads\/2025\/11\/Merkur-Slot-Hoch-neg-Ansicht-1-1024x1024.jpg 1024w, https:\/\/tapalma.com\/wp-content\/uploads\/2025\/11\/Merkur-Slot-Hoch-neg-Ansicht-1-150x150.jpg 150w, https:\/\/tapalma.com\/wp-content\/uploads\/2025\/11\/Merkur-Slot-Hoch-neg-Ansicht-1-768x768.jpg 768w, https:\/\/tapalma.com\/wp-content\/uploads\/2025\/11\/Merkur-Slot-Hoch-neg-Ansicht-1-600x600.jpg 600w, https:\/\/tapalma.com\/wp-content\/uploads\/2025\/11\/Merkur-Slot-Hoch-neg-Ansicht-1-100x100.jpg 100w, https:\/\/tapalma.com\/wp-content\/uploads\/2025\/11\/Merkur-Slot-Hoch-neg-Ansicht-1.jpg 1400w\" sizes=\"(max-width: 300px) 100vw, 300px\" \/>\t\t\t\t\t\t\t\t\t\t\t\t\t\t\t<\/div>\n\t\t\t\t<\/div>\n\t\t\t\t<\/div>\n\t\t<div class=\"elementor-element elementor-element-eed1b51 e-con-full e-flex e-con e-child\" data-id=\"eed1b51\" data-element_type=\"container\" data-settings=\"{&quot;background_background&quot;:&quot;classic&quot;}\">\n\t\t\t\t<div class=\"elementor-element elementor-element-aae5979 elementor-widget elementor-widget-image\" data-id=\"aae5979\" data-element_type=\"widget\" data-widget_type=\"image.default\">\n\t\t\t\t<div class=\"elementor-widget-container\">\n\t\t\t\t\t\t\t\t\t\t\t\t\t\t\t<img loading=\"lazy\" decoding=\"async\" width=\"300\" height=\"300\" src=\"https:\/\/tapalma.com\/wp-content\/uploads\/2025\/11\/Talaiot_logo22COL-png-300x300.jpg\" class=\"attachment-medium size-medium wp-image-8324\" alt=\"\" srcset=\"https:\/\/tapalma.com\/wp-content\/uploads\/2025\/11\/Talaiot_logo22COL-png-300x300.jpg 300w, https:\/\/tapalma.com\/wp-content\/uploads\/2025\/11\/Talaiot_logo22COL-png-1024x1024.jpg 1024w, https:\/\/tapalma.com\/wp-content\/uploads\/2025\/11\/Talaiot_logo22COL-png-150x150.jpg 150w, https:\/\/tapalma.com\/wp-content\/uploads\/2025\/11\/Talaiot_logo22COL-png-768x768.jpg 768w, https:\/\/tapalma.com\/wp-content\/uploads\/2025\/11\/Talaiot_logo22COL-png-1536x1536.jpg 1536w, https:\/\/tapalma.com\/wp-content\/uploads\/2025\/11\/Talaiot_logo22COL-png-600x600.jpg 600w, https:\/\/tapalma.com\/wp-content\/uploads\/2025\/11\/Talaiot_logo22COL-png-100x100.jpg 100w, https:\/\/tapalma.com\/wp-content\/uploads\/2025\/11\/Talaiot_logo22COL-png.jpg 1890w\" sizes=\"(max-width: 300px) 100vw, 300px\" \/>\t\t\t\t\t\t\t\t\t\t\t\t\t\t\t<\/div>\n\t\t\t\t<\/div>\n\t\t\t\t<\/div>\n\t\t\t\t\t<\/div>\n\t\t\t\t<\/div>\n\t\t\t\t<\/div>\n\t\t","protected":false},"excerpt":{"rendered":"<p>Vincule su empresa al evento gastron\u00f3mico m\u00e1s prestigioso de Palma. Le invitamos a formar parte del Club TaPalma, una iniciativa [&hellip;]<\/p>\n","protected":false},"author":1,"featured_media":0,"parent":0,"menu_order":0,"comment_status":"closed","ping_status":"closed","template":"","meta":{"_acf_changed":false,"_monsterinsights_skip_tracking":false,"_monsterinsights_sitenote_active":false,"_monsterinsights_sitenote_note":"","_monsterinsights_sitenote_category":0,"site-sidebar-layout":"no-sidebar","site-content-layout":"","ast-site-content-layout":"full-width-container","site-content-style":"default","site-sidebar-style":"default","ast-global-header-display":"","ast-banner-title-visibility":"","ast-main-header-display":"","ast-hfb-above-header-display":"","ast-hfb-below-header-display":"","ast-hfb-mobile-header-display":"","site-post-title":"disabled","ast-breadcrumbs-content":"","ast-featured-img":"disabled","footer-sml-layout":"","theme-transparent-header-meta":"","adv-header-id-meta":"","stick-header-meta":"","header-above-stick-meta":"","header-main-stick-meta":"","header-below-stick-meta":"","astra-migrate-meta-layouts":"default","ast-page-background-enabled":"default","ast-page-background-meta":{"desktop":{"background-color":"var(--ast-global-color-4)","background-image":"","background-repeat":"repeat","background-position":"center center","background-size":"auto","background-attachment":"scroll","background-type":"","background-media":"","overlay-type":"","overlay-color":"","overlay-opacity":"","overlay-gradient":""},"tablet":{"background-color":"","background-image":"","background-repeat":"repeat","background-position":"center center","background-size":"auto","background-attachment":"scroll","background-type":"","background-media":"","overlay-type":"","overlay-color":"","overlay-opacity":"","overlay-gradient":""},"mobile":{"background-color":"","background-image":"","background-repeat":"repeat","background-position":"center center","background-size":"auto","background-attachment":"scroll","background-type":"","background-media":"","overlay-type":"","overlay-color":"","overlay-opacity":"","overlay-gradient":""}},"ast-content-background-meta":{"desktop":{"background-color":"var(--ast-global-color-5)","background-image":"","background-repeat":"repeat","background-position":"center center","background-size":"auto","background-attachment":"scroll","background-type":"","background-media":"","overlay-type":"","overlay-color":"","overlay-opacity":"","overlay-gradient":""},"tablet":{"background-color":"var(--ast-global-color-5)","background-image":"","background-repeat":"repeat","background-position":"center center","background-size":"auto","background-attachment":"scroll","background-type":"","background-media":"","overlay-type":"","overlay-color":"","overlay-opacity":"","overlay-gradient":""},"mobile":{"background-color":"var(--ast-global-color-5)","background-image":"","background-repeat":"repeat","background-position":"center center","background-size":"auto","background-attachment":"scroll","background-type":"","background-media":"","overlay-type":"","overlay-color":"","overlay-opacity":"","overlay-gradient":""}},"footnotes":""},"class_list":["post-7569","page","type-page","status-publish","hentry"],"acf":[],"aioseo_notices":[],"_links":{"self":[{"href":"https:\/\/tapalma.com\/en\/wp-json\/wp\/v2\/pages\/7569","targetHints":{"allow":["GET"]}}],"collection":[{"href":"https:\/\/tapalma.com\/en\/wp-json\/wp\/v2\/pages"}],"about":[{"href":"https:\/\/tapalma.com\/en\/wp-json\/wp\/v2\/types\/page"}],"author":[{"embeddable":true,"href":"https:\/\/tapalma.com\/en\/wp-json\/wp\/v2\/users\/1"}],"replies":[{"embeddable":true,"href":"https:\/\/tapalma.com\/en\/wp-json\/wp\/v2\/comments?post=7569"}],"version-history":[{"count":25,"href":"https:\/\/tapalma.com\/en\/wp-json\/wp\/v2\/pages\/7569\/revisions"}],"predecessor-version":[{"id":8341,"href":"https:\/\/tapalma.com\/en\/wp-json\/wp\/v2\/pages\/7569\/revisions\/8341"}],"wp:attachment":[{"href":"https:\/\/tapalma.com\/en\/wp-json\/wp\/v2\/media?parent=7569"}],"curies":[{"name":"wp","href":"https:\/\/api.w.org\/{rel}","templated":true}]}}